{"id":1433,"date":"2025-08-13T17:32:52","date_gmt":"2025-08-13T15:32:52","guid":{"rendered":"https:\/\/serdigital.es\/micoestan\/?page_id=1433"},"modified":"2025-08-20T17:22:13","modified_gmt":"2025-08-20T15:22:13","slug":"blog","status":"publish","type":"page","link":"https:\/\/serdigital.es\/micoestan\/en\/blog\/","title":{"rendered":"Blog"},"content":{"rendered":"\t\t<div data-elementor-type=\"wp-page\" data-elementor-id=\"1433\" class=\"elementor elementor-1433\" data-elementor-post-type=\"page\">\n\t\t\t\t<div class=\"elementor-element elementor-element-120c3e1 e-flex e-con-boxed e-con e-parent\" data-id=\"120c3e1\" data-element_type=\"container\" data-e-type=\"container\" data-settings=\"{&quot;background_background&quot;:&quot;classic&quot;}\">\n\t\t\t\t\t<div class=\"e-con-inner\">\n\t\t<div class=\"elementor-element elementor-element-46d58d3 e-con-full e-flex e-con e-child\" data-id=\"46d58d3\" data-element_type=\"container\" data-e-type=\"container\">\n\t\t\t\t<div class=\"elementor-element elementor-element-66cfe26 elementor-widget elementor-widget-heading\" data-id=\"66cfe26\" data-element_type=\"widget\" data-e-type=\"widget\" data-widget_type=\"heading.default\">\n\t\t\t\t<div class=\"elementor-widget-container\">\n\t\t\t\t\t<h2 class=\"elementor-heading-title elementor-size-default\">Blog: Invest with  <span style=\"color:#F19A0D\">Knowledge<\/span><\/h2>\t\t\t\t<\/div>\n\t\t\t\t<\/div>\n\t\t\t\t<div class=\"elementor-element elementor-element-802b9fb elementor-widget elementor-widget-text-editor\" data-id=\"802b9fb\" data-element_type=\"widget\" data-e-type=\"widget\" data-widget_type=\"text-editor.default\">\n\t\t\t\t<div class=\"elementor-widget-container\">\n\t\t\t\t\t\t\t\t\t<p><b>Stay informed about Dubai\u2019s real estate market<\/b><span style=\"font-weight: 400;\">, discover key tips to invest safely and make the most of the opportunities this ever-growing city has to offer.<\/span><\/p>\t\t\t\t\t\t\t\t<\/div>\n\t\t\t\t<\/div>\n\t\t\t\t<\/div>\n\t\t\t\t\t<\/div>\n\t\t\t\t<\/div>\n\t\t<div class=\"elementor-element elementor-element-a53c64e e-flex e-con-boxed e-con e-parent\" data-id=\"a53c64e\" data-element_type=\"container\" data-e-type=\"container\">\n\t\t\t\t\t<div class=\"e-con-inner\">\n\t\t<div class=\"elementor-element elementor-element-d70f284 e-con-full e-flex e-con e-child\" data-id=\"d70f284\" data-element_type=\"container\" data-e-type=\"container\">\n\t\t\t\t<div class=\"elementor-element elementor-element-fe39212 elementor-hidden-mobile elementor-widget elementor-widget-heading\" data-id=\"fe39212\" data-element_type=\"widget\" data-e-type=\"widget\" data-widget_type=\"heading.default\">\n\t\t\t\t<div class=\"elementor-widget-container\">\n\t\t\t\t\t<span class=\"elementor-heading-title elementor-size-default\">Search<\/span>\t\t\t\t<\/div>\n\t\t\t\t<\/div>\n\t\t\t\t<div class=\"elementor-element elementor-element-81b252c elementor-widget elementor-widget-search\" data-id=\"81b252c\" data-element_type=\"widget\" data-e-type=\"widget\" data-settings=\"{&quot;submit_trigger&quot;:&quot;click_submit&quot;,&quot;pagination_type_options&quot;:&quot;none&quot;}\" data-widget_type=\"search.default\">\n\t\t\t\t<div class=\"elementor-widget-container\">\n\t\t\t\t\t\t\t<search class=\"e-search hidden\" role=\"search\">\n\t\t\t<form class=\"e-search-form\" action=\"https:\/\/serdigital.es\/micoestan\" method=\"get\">\n\n\t\t\t\t\n\t\t\t\t<label class=\"e-search-label\" for=\"search-81b252c\">\n\t\t\t\t\t<span class=\"elementor-screen-only\">\n\t\t\t\t\t\tBuscar\t\t\t\t\t<\/span>\n\t\t\t\t\t\t\t\t\t<\/label>\n\n\t\t\t\t<div class=\"e-search-input-wrapper\">\n\t\t\t\t\t<input id=\"search-81b252c\" placeholder=\"Search...\" class=\"e-search-input\" type=\"search\" name=\"s\" value=\"\" autocomplete=\"off\" role=\"combobox\" aria-autocomplete=\"list\" aria-expanded=\"false\" aria-controls=\"results-81b252c\" aria-haspopup=\"listbox\">\n\t\t\t\t\t<svg aria-hidden=\"true\" class=\"e-font-icon-svg e-fas-times\" viewBox=\"0 0 352 512\" xmlns=\"http:\/\/www.w3.org\/2000\/svg\"><path d=\"M242.72 256l100.07-100.07c12.28-12.28 12.28-32.19 0-44.48l-22.24-22.24c-12.28-12.28-32.19-12.28-44.48 0L176 189.28 75.93 89.21c-12.28-12.28-32.19-12.28-44.48 0L9.21 111.45c-12.28 12.28-12.28 32.19 0 44.48L109.28 256 9.21 356.07c-12.28 12.28-12.28 32.19 0 44.48l22.24 22.24c12.28 12.28 32.2 12.28 44.48 0L176 322.72l100.07 100.07c12.28 12.28 32.2 12.28 44.48 0l22.24-22.24c12.28-12.28 12.28-32.19 0-44.48L242.72 256z\"><\/path><\/svg>\t\t\t\t\t\t\t\t\t\t<output id=\"results-81b252c\" class=\"e-search-results-container hide-loader\" aria-live=\"polite\" aria-atomic=\"true\" aria-label=\"Resultados de b\u00fasqueda\" tabindex=\"0\">\n\t\t\t\t\t\t<div class=\"e-search-results\"><\/div>\n\t\t\t\t\t\t\t\t\t\t\t<\/output>\n\t\t\t\t\t\t\t\t\t<\/div>\n\t\t\t\t\n\t\t\t\t\n\t\t\t\t<button class=\"e-search-submit  \" type=\"submit\">\n\t\t\t\t\t<svg aria-hidden=\"true\" class=\"e-font-icon-svg e-fas-search\" viewBox=\"0 0 512 512\" xmlns=\"http:\/\/www.w3.org\/2000\/svg\"><path d=\"M505 442.7L405.3 343c-4.5-4.5-10.6-7-17-7H372c27.6-35.3 44-79.7 44-128C416 93.1 322.9 0 208 0S0 93.1 0 208s93.1 208 208 208c48.3 0 92.7-16.4 128-44v16.3c0 6.4 2.5 12.5 7 17l99.7 99.7c9.4 9.4 24.6 9.4 33.9 0l28.3-28.3c9.4-9.4 9.4-24.6.1-34zM208 336c-70.7 0-128-57.2-128-128 0-70.7 57.2-128 128-128 70.7 0 128 57.2 128 128 0 70.7-57.2 128-128 128z\"><\/path><\/svg>\n\t\t\t\t\t\t\t\t\t\t<span class=\"\">\n\t\t\t\t\t\tSearch\t\t\t\t\t<\/span>\n\t\t\t\t\t\t\t\t\t<\/button>\n\t\t\t\t<input type=\"hidden\" name=\"e_search_props\" value=\"81b252c-1433\">\n\t\t\t<\/form>\n\t\t<\/search>\n\t\t\t\t\t\t<\/div>\n\t\t\t\t<\/div>\n\t\t\t\t<\/div>\n\t\t<div class=\"elementor-element elementor-element-149034c e-con-full e-flex e-con e-child\" data-id=\"149034c\" data-element_type=\"container\" data-e-type=\"container\">\n\t\t\t\t<div class=\"elementor-element elementor-element-76c6995 elementor-grid-1 elementor-grid-tablet-1 elementor-grid-mobile-1 elementor-widget elementor-widget-loop-grid\" data-id=\"76c6995\" data-element_type=\"widget\" data-e-type=\"widget\" data-settings=\"{&quot;template_id&quot;:917,&quot;columns&quot;:1,&quot;columns_tablet&quot;:1,&quot;pagination_type&quot;:&quot;numbers_and_prev_next&quot;,&quot;_skin&quot;:&quot;post&quot;,&quot;columns_mobile&quot;:&quot;1&quot;,&quot;edit_handle_selector&quot;:&quot;[data-elementor-type=\\&quot;loop-item\\&quot;]&quot;,&quot;pagination_load_type&quot;:&quot;page_reload&quot;,&quot;row_gap&quot;:{&quot;unit&quot;:&quot;px&quot;,&quot;size&quot;:&quot;&quot;,&quot;sizes&quot;:[]},&quot;row_gap_tablet&quot;:{&quot;unit&quot;:&quot;px&quot;,&quot;size&quot;:&quot;&quot;,&quot;sizes&quot;:[]},&quot;row_gap_mobile&quot;:{&quot;unit&quot;:&quot;px&quot;,&quot;size&quot;:&quot;&quot;,&quot;sizes&quot;:[]}}\" data-widget_type=\"loop-grid.post\">\n\t\t\t\t<div class=\"elementor-widget-container\">\n\t\t\t\t\t\t\t<div class=\"elementor-loop-container elementor-grid\" role=\"list\">\n\t\t<style id=\"loop-917\">.elementor-917 .elementor-element.elementor-element-3e6bcbd{--display:flex;--flex-direction:column;--container-widget-width:100%;--container-widget-height:initial;--container-widget-flex-grow:0;--container-widget-align-self:initial;--flex-wrap-mobile:wrap;--gap:0px 0px;--row-gap:0px;--column-gap:0px;--padding-top:0px;--padding-bottom:0px;--padding-left:0px;--padding-right:0px;}.elementor-widget-theme-post-featured-image .widget-image-caption{color:var( --e-global-color-text );font-family:var( --e-global-typography-text-font-family ), Sans-serif;font-weight:var( --e-global-typography-text-font-weight );}.elementor-917 .elementor-element.elementor-element-fd4f420 img{width:100%;}.elementor-917 .elementor-element.elementor-element-7aec8c5{--display:flex;border-style:solid;--border-style:solid;border-width:2px 2px 2px 2px;--border-top-width:2px;--border-right-width:2px;--border-bottom-width:2px;--border-left-width:2px;border-color:#F3F3F3;--border-color:#F3F3F3;--padding-top:36px;--padding-bottom:36px;--padding-left:36px;--padding-right:36px;}.elementor-widget-theme-post-title .elementor-heading-title{font-family:var( --e-global-typography-primary-font-family ), Sans-serif;font-weight:var( --e-global-typography-primary-font-weight );color:var( --e-global-color-primary );}.elementor-917 .elementor-element.elementor-element-ecf9265 .elementor-heading-title{font-family:\"Frank Ruhl Libre\", Sans-serif;font-size:35px;font-weight:600;line-height:46px;}.elementor-widget-theme-post-excerpt .elementor-widget-container{font-family:var( --e-global-typography-text-font-family ), Sans-serif;font-weight:var( --e-global-typography-text-font-weight );color:var( --e-global-color-text );}.elementor-917 .elementor-element.elementor-element-b5e39b4 .elementor-widget-container{font-family:\"Montserrat\", Sans-serif;font-size:17px;font-weight:400;line-height:26px;color:var( --e-global-color-e950e09 );}.elementor-917 .elementor-element.elementor-element-b5e39b4 > .elementor-widget-container{margin:0px 0px 110px 0px;}.elementor-917 .elementor-element.elementor-element-b5e39b4.elementor-element{--flex-grow:0;--flex-shrink:0;}.elementor-widget-post-info .elementor-icon-list-item:not(:last-child):after{border-color:var( --e-global-color-text );}.elementor-widget-post-info .elementor-icon-list-icon i{color:var( --e-global-color-primary );}.elementor-widget-post-info .elementor-icon-list-icon svg{fill:var( --e-global-color-primary );}.elementor-widget-post-info .elementor-icon-list-text, .elementor-widget-post-info .elementor-icon-list-text a{color:var( --e-global-color-secondary );}.elementor-widget-post-info .elementor-icon-list-item{font-family:var( --e-global-typography-text-font-family ), Sans-serif;font-weight:var( --e-global-typography-text-font-weight );}.elementor-917 .elementor-element.elementor-element-3af7b6c .elementor-icon-list-icon i{color:var( --e-global-color-secondary );font-size:14px;}.elementor-917 .elementor-element.elementor-element-3af7b6c .elementor-icon-list-icon svg{fill:var( --e-global-color-secondary );--e-icon-list-icon-size:14px;}.elementor-917 .elementor-element.elementor-element-3af7b6c .elementor-icon-list-icon{width:14px;}.elementor-917 .elementor-element.elementor-element-3af7b6c .elementor-icon-list-text, .elementor-917 .elementor-element.elementor-element-3af7b6c .elementor-icon-list-text a{color:var( --e-global-color-text );}.elementor-917 .elementor-element.elementor-element-3af7b6c .elementor-icon-list-item{font-family:\"Montserrat\", Sans-serif;font-size:16px;font-weight:500;}@media(max-width:1024px){.elementor-917 .elementor-element.elementor-element-7aec8c5{--padding-top:15px;--padding-bottom:15px;--padding-left:15px;--padding-right:15px;}.elementor-917 .elementor-element.elementor-element-ecf9265 .elementor-heading-title{font-size:16px;line-height:23px;}.elementor-917 .elementor-element.elementor-element-b5e39b4 .elementor-widget-container{font-size:12px;line-height:20px;}.elementor-917 .elementor-element.elementor-element-b5e39b4 > .elementor-widget-container{margin:0px 0px 0px 0px;}.elementor-917 .elementor-element.elementor-element-b5e39b4{width:var( --container-widget-width, 179.615px );max-width:179.615px;--container-widget-width:179.615px;--container-widget-flex-grow:0;}.elementor-917 .elementor-element.elementor-element-3af7b6c .elementor-icon-list-icon{width:9px;}.elementor-917 .elementor-element.elementor-element-3af7b6c .elementor-icon-list-icon i{font-size:9px;}.elementor-917 .elementor-element.elementor-element-3af7b6c .elementor-icon-list-icon svg{--e-icon-list-icon-size:9px;}.elementor-917 .elementor-element.elementor-element-3af7b6c .elementor-icon-list-item{font-size:10px;}}\/* Start custom CSS for post-info, class: .elementor-element-3af7b6c *\/.item-informations{\n    max-width: max-content !important;\n}\/* End custom CSS *\/<\/style>\t\t<div data-elementor-type=\"loop-item\" data-elementor-id=\"917\" class=\"elementor elementor-917 e-loop-item e-loop-item-1552 post-1552 post type-post status-publish format-standard has-post-thumbnail hentry category-sin-categoria-en\" data-elementor-post-type=\"elementor_library\" data-custom-edit-handle=\"1\">\n\t\t\t<a class=\"elementor-element elementor-element-3e6bcbd e-flex e-con-boxed e-con e-parent\" data-id=\"3e6bcbd\" data-element_type=\"container\" data-e-type=\"container\" href=\"https:\/\/serdigital.es\/micoestan\/en\/areas-with-the-highest-growth-potential\/\">\n\t\t\t\t\t<div class=\"e-con-inner\">\n\t\t\t\t<div class=\"elementor-element elementor-element-fd4f420 elementor-widget elementor-widget-theme-post-featured-image elementor-widget-image\" data-id=\"fd4f420\" data-element_type=\"widget\" data-e-type=\"widget\" data-widget_type=\"theme-post-featured-image.default\">\n\t\t\t\t<div class=\"elementor-widget-container\">\n\t\t\t\t\t\t\t\t\t\t\t\t\t\t\t<img fetchpriority=\"high\" decoding=\"async\" width=\"800\" height=\"443\" src=\"https:\/\/serdigital.es\/micoestan\/wp-content\/uploads\/2025\/08\/3366-1-1024x567.png\" class=\"attachment-large size-large wp-image-908\" alt=\"\" srcset=\"https:\/\/serdigital.es\/micoestan\/wp-content\/uploads\/2025\/08\/3366-1-1024x567.png 1024w, https:\/\/serdigital.es\/micoestan\/wp-content\/uploads\/2025\/08\/3366-1-300x166.png 300w, https:\/\/serdigital.es\/micoestan\/wp-content\/uploads\/2025\/08\/3366-1-768x425.png 768w, https:\/\/serdigital.es\/micoestan\/wp-content\/uploads\/2025\/08\/3366-1-1536x850.png 1536w, https:\/\/serdigital.es\/micoestan\/wp-content\/uploads\/2025\/08\/3366-1-600x332.png 600w, https:\/\/serdigital.es\/micoestan\/wp-content\/uploads\/2025\/08\/3366-1.png 1740w\" sizes=\"(max-width: 800px) 100vw, 800px\" \/>\t\t\t\t\t\t\t\t\t\t\t\t\t\t\t<\/div>\n\t\t\t\t<\/div>\n\t\t<div class=\"elementor-element elementor-element-7aec8c5 e-con-full e-flex e-con e-child\" data-id=\"7aec8c5\" data-element_type=\"container\" data-e-type=\"container\">\n\t\t\t\t<div class=\"elementor-element elementor-element-ecf9265 elementor-widget elementor-widget-theme-post-title elementor-page-title elementor-widget-heading\" data-id=\"ecf9265\" data-element_type=\"widget\" data-e-type=\"widget\" data-widget_type=\"theme-post-title.default\">\n\t\t\t\t<div class=\"elementor-widget-container\">\n\t\t\t\t\t<h1 class=\"elementor-heading-title elementor-size-default\">Areas with the highest growth potential<\/h1>\t\t\t\t<\/div>\n\t\t\t\t<\/div>\n\t\t\t\t<div class=\"elementor-element elementor-element-3af7b6c item-informations elementor-widget elementor-widget-post-info\" data-id=\"3af7b6c\" data-element_type=\"widget\" data-e-type=\"widget\" data-widget_type=\"post-info.default\">\n\t\t\t\t<div class=\"elementor-widget-container\">\n\t\t\t\t\t\t\t<ul class=\"elementor-inline-items elementor-icon-list-items elementor-post-info\">\n\t\t\t\t\t\t\t\t<li class=\"elementor-icon-list-item elementor-repeater-item-45c0f2b elementor-inline-item\" itemprop=\"datePublished\">\n\t\t\t\t\t\t\t\t\t\t<span class=\"elementor-icon-list-icon\">\n\t\t\t\t\t\t\t\t<svg aria-hidden=\"true\" class=\"e-font-icon-svg e-fas-calendar\" viewBox=\"0 0 448 512\" xmlns=\"http:\/\/www.w3.org\/2000\/svg\"><path d=\"M12 192h424c6.6 0 12 5.4 12 12v260c0 26.5-21.5 48-48 48H48c-26.5 0-48-21.5-48-48V204c0-6.6 5.4-12 12-12zm436-44v-36c0-26.5-21.5-48-48-48h-48V12c0-6.6-5.4-12-12-12h-40c-6.6 0-12 5.4-12 12v52H160V12c0-6.6-5.4-12-12-12h-40c-6.6 0-12 5.4-12 12v52H48C21.5 64 0 85.5 0 112v36c0 6.6 5.4 12 12 12h424c6.6 0 12-5.4 12-12z\"><\/path><\/svg>\t\t\t\t\t\t\t<\/span>\n\t\t\t\t\t\t\t\t\t<span class=\"elementor-icon-list-text elementor-post-info__item elementor-post-info__item--type-date\">\n\t\t\t\t\t\t\t\t\t\t<time>agosto 13, 2025<\/time>\t\t\t\t\t<\/span>\n\t\t\t\t\t\t\t\t<\/li>\n\t\t\t\t<\/ul>\n\t\t\t\t\t\t<\/div>\n\t\t\t\t<\/div>\n\t\t\t\t<\/div>\n\t\t\t\t\t<\/div>\n\t\t\t\t<\/a>\n\t\t\t\t<\/div>\n\t\t\t\t<div data-elementor-type=\"loop-item\" data-elementor-id=\"917\" class=\"elementor elementor-917 e-loop-item e-loop-item-907 post-907 post type-post status-publish format-standard has-post-thumbnail hentry category-blog\" data-elementor-post-type=\"elementor_library\" data-custom-edit-handle=\"1\">\n\t\t\t<a class=\"elementor-element elementor-element-3e6bcbd e-flex e-con-boxed e-con e-parent\" data-id=\"3e6bcbd\" data-element_type=\"container\" data-e-type=\"container\" href=\"https:\/\/serdigital.es\/micoestan\/zonas-con-mayor-proyeccion-de-crecimiento\/\">\n\t\t\t\t\t<div class=\"e-con-inner\">\n\t\t\t\t<div class=\"elementor-element elementor-element-fd4f420 elementor-widget elementor-widget-theme-post-featured-image elementor-widget-image\" data-id=\"fd4f420\" data-element_type=\"widget\" data-e-type=\"widget\" data-widget_type=\"theme-post-featured-image.default\">\n\t\t\t\t<div class=\"elementor-widget-container\">\n\t\t\t\t\t\t\t\t\t\t\t\t\t\t\t<img fetchpriority=\"high\" decoding=\"async\" width=\"800\" height=\"443\" src=\"https:\/\/serdigital.es\/micoestan\/wp-content\/uploads\/2025\/08\/3366-1-1024x567.png\" class=\"attachment-large size-large wp-image-908\" alt=\"\" srcset=\"https:\/\/serdigital.es\/micoestan\/wp-content\/uploads\/2025\/08\/3366-1-1024x567.png 1024w, https:\/\/serdigital.es\/micoestan\/wp-content\/uploads\/2025\/08\/3366-1-300x166.png 300w, https:\/\/serdigital.es\/micoestan\/wp-content\/uploads\/2025\/08\/3366-1-768x425.png 768w, https:\/\/serdigital.es\/micoestan\/wp-content\/uploads\/2025\/08\/3366-1-1536x850.png 1536w, https:\/\/serdigital.es\/micoestan\/wp-content\/uploads\/2025\/08\/3366-1-600x332.png 600w, https:\/\/serdigital.es\/micoestan\/wp-content\/uploads\/2025\/08\/3366-1.png 1740w\" sizes=\"(max-width: 800px) 100vw, 800px\" \/>\t\t\t\t\t\t\t\t\t\t\t\t\t\t\t<\/div>\n\t\t\t\t<\/div>\n\t\t<div class=\"elementor-element elementor-element-7aec8c5 e-con-full e-flex e-con e-child\" data-id=\"7aec8c5\" data-element_type=\"container\" data-e-type=\"container\">\n\t\t\t\t<div class=\"elementor-element elementor-element-ecf9265 elementor-widget elementor-widget-theme-post-title elementor-page-title elementor-widget-heading\" data-id=\"ecf9265\" data-element_type=\"widget\" data-e-type=\"widget\" data-widget_type=\"theme-post-title.default\">\n\t\t\t\t<div class=\"elementor-widget-container\">\n\t\t\t\t\t<h1 class=\"elementor-heading-title elementor-size-default\">Zonas con mayor proyecci\u00f3n de crecimiento<\/h1>\t\t\t\t<\/div>\n\t\t\t\t<\/div>\n\t\t\t\t<div class=\"elementor-element elementor-element-b5e39b4 elementor-widget-tablet__width-initial elementor-widget elementor-widget-theme-post-excerpt\" data-id=\"b5e39b4\" data-element_type=\"widget\" data-e-type=\"widget\" data-widget_type=\"theme-post-excerpt.default\">\n\t\t\t\t<div class=\"elementor-widget-container\">\n\t\t\t\t\tTe mostramos los barrios y desarrollos que est\u00e1n ganando valor r\u00e1pidamente y por qu\u00e9 pueden ser una excelente opci\u00f3n para tu pr\u00f3xima inversi\u00f3n.\t\t\t\t<\/div>\n\t\t\t\t<\/div>\n\t\t\t\t<div class=\"elementor-element elementor-element-3af7b6c item-informations elementor-widget elementor-widget-post-info\" data-id=\"3af7b6c\" data-element_type=\"widget\" data-e-type=\"widget\" data-widget_type=\"post-info.default\">\n\t\t\t\t<div class=\"elementor-widget-container\">\n\t\t\t\t\t\t\t<ul class=\"elementor-inline-items elementor-icon-list-items elementor-post-info\">\n\t\t\t\t\t\t\t\t<li class=\"elementor-icon-list-item elementor-repeater-item-45c0f2b elementor-inline-item\" itemprop=\"datePublished\">\n\t\t\t\t\t\t\t\t\t\t<span class=\"elementor-icon-list-icon\">\n\t\t\t\t\t\t\t\t<svg aria-hidden=\"true\" class=\"e-font-icon-svg e-fas-calendar\" viewBox=\"0 0 448 512\" xmlns=\"http:\/\/www.w3.org\/2000\/svg\"><path d=\"M12 192h424c6.6 0 12 5.4 12 12v260c0 26.5-21.5 48-48 48H48c-26.5 0-48-21.5-48-48V204c0-6.6 5.4-12 12-12zm436-44v-36c0-26.5-21.5-48-48-48h-48V12c0-6.6-5.4-12-12-12h-40c-6.6 0-12 5.4-12 12v52H160V12c0-6.6-5.4-12-12-12h-40c-6.6 0-12 5.4-12 12v52H48C21.5 64 0 85.5 0 112v36c0 6.6 5.4 12 12 12h424c6.6 0 12-5.4 12-12z\"><\/path><\/svg>\t\t\t\t\t\t\t<\/span>\n\t\t\t\t\t\t\t\t\t<span class=\"elementor-icon-list-text elementor-post-info__item elementor-post-info__item--type-date\">\n\t\t\t\t\t\t\t\t\t\t<time>agosto 13, 2025<\/time>\t\t\t\t\t<\/span>\n\t\t\t\t\t\t\t\t<\/li>\n\t\t\t\t<\/ul>\n\t\t\t\t\t\t<\/div>\n\t\t\t\t<\/div>\n\t\t\t\t<\/div>\n\t\t\t\t\t<\/div>\n\t\t\t\t<\/a>\n\t\t\t\t<\/div>\n\t\t\t\t<div data-elementor-type=\"loop-item\" data-elementor-id=\"917\" class=\"elementor elementor-917 e-loop-item e-loop-item-1554 post-1554 post type-post status-publish format-standard has-post-thumbnail hentry category-sin-categoria-en\" data-elementor-post-type=\"elementor_library\" data-custom-edit-handle=\"1\">\n\t\t\t<a class=\"elementor-element elementor-element-3e6bcbd e-flex e-con-boxed e-con e-parent\" data-id=\"3e6bcbd\" data-element_type=\"container\" data-e-type=\"container\" href=\"https:\/\/serdigital.es\/micoestan\/en\/why-invest-in-dubai-in-2025\/\">\n\t\t\t\t\t<div class=\"e-con-inner\">\n\t\t\t\t<div class=\"elementor-element elementor-element-fd4f420 elementor-widget elementor-widget-theme-post-featured-image elementor-widget-image\" data-id=\"fd4f420\" data-element_type=\"widget\" data-e-type=\"widget\" data-widget_type=\"theme-post-featured-image.default\">\n\t\t\t\t<div class=\"elementor-widget-container\">\n\t\t\t\t\t\t\t\t\t\t\t\t\t\t\t<img decoding=\"async\" width=\"800\" height=\"442\" src=\"https:\/\/serdigital.es\/micoestan\/wp-content\/uploads\/2025\/08\/3129-1-1024x566.png\" class=\"attachment-large size-large wp-image-883\" alt=\"\" srcset=\"https:\/\/serdigital.es\/micoestan\/wp-content\/uploads\/2025\/08\/3129-1-1024x566.png 1024w, https:\/\/serdigital.es\/micoestan\/wp-content\/uploads\/2025\/08\/3129-1-300x166.png 300w, https:\/\/serdigital.es\/micoestan\/wp-content\/uploads\/2025\/08\/3129-1-768x425.png 768w, https:\/\/serdigital.es\/micoestan\/wp-content\/uploads\/2025\/08\/3129-1-1536x849.png 1536w, https:\/\/serdigital.es\/micoestan\/wp-content\/uploads\/2025\/08\/3129-1-2048x1132.png 2048w, https:\/\/serdigital.es\/micoestan\/wp-content\/uploads\/2025\/08\/3129-1-600x332.png 600w\" sizes=\"(max-width: 800px) 100vw, 800px\" \/>\t\t\t\t\t\t\t\t\t\t\t\t\t\t\t<\/div>\n\t\t\t\t<\/div>\n\t\t<div class=\"elementor-element elementor-element-7aec8c5 e-con-full e-flex e-con e-child\" data-id=\"7aec8c5\" data-element_type=\"container\" data-e-type=\"container\">\n\t\t\t\t<div class=\"elementor-element elementor-element-ecf9265 elementor-widget elementor-widget-theme-post-title elementor-page-title elementor-widget-heading\" data-id=\"ecf9265\" data-element_type=\"widget\" data-e-type=\"widget\" data-widget_type=\"theme-post-title.default\">\n\t\t\t\t<div class=\"elementor-widget-container\">\n\t\t\t\t\t<h1 class=\"elementor-heading-title elementor-size-default\">Why Invest in Dubai in 2025?<\/h1>\t\t\t\t<\/div>\n\t\t\t\t<\/div>\n\t\t\t\t<div class=\"elementor-element elementor-element-3af7b6c item-informations elementor-widget elementor-widget-post-info\" data-id=\"3af7b6c\" data-element_type=\"widget\" data-e-type=\"widget\" data-widget_type=\"post-info.default\">\n\t\t\t\t<div class=\"elementor-widget-container\">\n\t\t\t\t\t\t\t<ul class=\"elementor-inline-items elementor-icon-list-items elementor-post-info\">\n\t\t\t\t\t\t\t\t<li class=\"elementor-icon-list-item elementor-repeater-item-45c0f2b elementor-inline-item\" itemprop=\"datePublished\">\n\t\t\t\t\t\t\t\t\t\t<span class=\"elementor-icon-list-icon\">\n\t\t\t\t\t\t\t\t<svg aria-hidden=\"true\" class=\"e-font-icon-svg e-fas-calendar\" viewBox=\"0 0 448 512\" xmlns=\"http:\/\/www.w3.org\/2000\/svg\"><path d=\"M12 192h424c6.6 0 12 5.4 12 12v260c0 26.5-21.5 48-48 48H48c-26.5 0-48-21.5-48-48V204c0-6.6 5.4-12 12-12zm436-44v-36c0-26.5-21.5-48-48-48h-48V12c0-6.6-5.4-12-12-12h-40c-6.6 0-12 5.4-12 12v52H160V12c0-6.6-5.4-12-12-12h-40c-6.6 0-12 5.4-12 12v52H48C21.5 64 0 85.5 0 112v36c0 6.6 5.4 12 12 12h424c6.6 0 12-5.4 12-12z\"><\/path><\/svg>\t\t\t\t\t\t\t<\/span>\n\t\t\t\t\t\t\t\t\t<span class=\"elementor-icon-list-text elementor-post-info__item elementor-post-info__item--type-date\">\n\t\t\t\t\t\t\t\t\t\t<time>agosto 13, 2025<\/time>\t\t\t\t\t<\/span>\n\t\t\t\t\t\t\t\t<\/li>\n\t\t\t\t<\/ul>\n\t\t\t\t\t\t<\/div>\n\t\t\t\t<\/div>\n\t\t\t\t<\/div>\n\t\t\t\t\t<\/div>\n\t\t\t\t<\/a>\n\t\t\t\t<\/div>\n\t\t\t\t<\/div>\n\t\t\n\t\t\t\t<div class=\"e-load-more-anchor\" data-page=\"1\" data-max-page=\"2\" data-next-page=\"https:\/\/serdigital.es\/micoestan\/wp-json\/wp\/v2\/pages\/1433\/page\/2\/\"><\/div>\n\t\t\t\t<nav class=\"elementor-pagination\" aria-label=\"Paginaci\u00f3n\">\n\t\t\t<span class=\"page-numbers prev\"><<<\/span>\n<span aria-current=\"page\" class=\"page-numbers current\"><span class=\"elementor-screen-only\">P\u00e1gina<\/span>1<\/span>\n<a class=\"page-numbers\" href=\"https:\/\/serdigital.es\/micoestan\/wp-json\/wp\/v2\/pages\/1433\/page\/2\/\"><span class=\"elementor-screen-only\">P\u00e1gina<\/span>2<\/a>\n<a class=\"page-numbers next\" href=\"https:\/\/serdigital.es\/micoestan\/wp-json\/wp\/v2\/pages\/1433\/page\/2\/\">>><\/a>\t\t<\/nav>\n\t\t\t\t\t\t<\/div>\n\t\t\t\t<\/div>\n\t\t\t\t<\/div>\n\t\t\t\t\t<\/div>\n\t\t\t\t<\/div>\n\t\t\t\t<\/div>\n\t\t","protected":false},"excerpt":{"rendered":"<p>Blog: Invest with Knowledge Stay informed about Dubai\u2019s real estate market, discover key tips to invest safely and make the most of the opportunities this ever-growing city has to offer. Search Search Search<\/p>\n","protected":false},"author":7,"featured_media":0,"parent":0,"menu_order":0,"comment_status":"closed","ping_status":"closed","template":"","meta":{"_acf_changed":false,"footnotes":""},"class_list":["post-1433","page","type-page","status-publish","hentry"],"acf":[],"_links":{"self":[{"href":"https:\/\/serdigital.es\/micoestan\/wp-json\/wp\/v2\/pages\/1433","targetHints":{"allow":["GET"]}}],"collection":[{"href":"https:\/\/serdigital.es\/micoestan\/wp-json\/wp\/v2\/pages"}],"about":[{"href":"https:\/\/serdigital.es\/micoestan\/wp-json\/wp\/v2\/types\/page"}],"author":[{"embeddable":true,"href":"https:\/\/serdigital.es\/micoestan\/wp-json\/wp\/v2\/users\/7"}],"replies":[{"embeddable":true,"href":"https:\/\/serdigital.es\/micoestan\/wp-json\/wp\/v2\/comments?post=1433"}],"version-history":[{"count":7,"href":"https:\/\/serdigital.es\/micoestan\/wp-json\/wp\/v2\/pages\/1433\/revisions"}],"predecessor-version":[{"id":1564,"href":"https:\/\/serdigital.es\/micoestan\/wp-json\/wp\/v2\/pages\/1433\/revisions\/1564"}],"wp:attachment":[{"href":"https:\/\/serdigital.es\/micoestan\/wp-json\/wp\/v2\/media?parent=1433"}],"curies":[{"name":"wp","href":"https:\/\/api.w.org\/{rel}","templated":true}]}}